{"id":26,"date":"2017-04-04T11:31:29","date_gmt":"2017-04-04T09:31:29","guid":{"rendered":"http:\/\/reparemoi.be\/?page_id=26"},"modified":"2021-02-27T14:21:31","modified_gmt":"2021-02-27T13:21:31","slug":"a-propos-de","status":"publish","type":"page","link":"https:\/\/reparemoi.be\/index.php\/a-propos-de\/","title":{"rendered":"\u00c0 propos de"},"content":{"rendered":"<p><img loading=\"lazy\" decoding=\"async\" class=\"alignnone size-medium wp-image-97\" src=\"http:\/\/reparemoi.be\/wp-content\/uploads\/2017\/04\/RVOLDERS-300x200.jpg\" alt=\"\" width=\"300\" height=\"200\" \/><\/p>\n<p>JANUA Informatique fut cr\u00e9\u00e9 en juin 2000 par Rapha\u00ebl Volders, dipl\u00f4m\u00e9 de la Haute Ecole Rennequin Sualem (informatique industrielle -IN.PR.E.S.).<\/p>\n<p>Orient\u00e9 software, il a rapidement converti JANUA INFORMATIQUE en comptoir de vente et de r\u00e9paration de mat\u00e9riel informatique sans toutefois oublier le d\u00e9veloppement de diverses solutions software pour ses clients.<\/p>\n<p>D\u00e9but 2005 l\u2019exigu\u00eft\u00e9 de ses locaux (20m\u00b2) et la charge de travail (plus de 600 clients priv\u00e9s et professionnels) ont fait d\u00e9marrer la r\u00e9flexion sur l\u2019extension des activit\u00e9s.<\/p>\n<p>Dans cette r\u00e9flexion, le groupe BSC s\u2019est associ\u00e9 \u00e0 lui pour mener \u00e0 bien l\u2019op\u00e9ration. Ce groupe est constitu\u00e9 d\u2019anciens cadres de grandes soci\u00e9t\u00e9s et apporte donc un know-how inestimable \u00e0 l\u2019\u00e9volution du projet.<\/p>\n<p>Le manque cruel de locaux \u00e9tant un frein \u00e9vident \u00e0 son expansion, Mons. Volders entre alors en pourparlers avec la SNCB Holding pour la reprise d\u2019une partie de l\u2019ancienne Gare d\u00e9saffect\u00e9e d\u2019Esneux. Et apr\u00e8s deux mois et demi d\u2019\u00e9prouvantes r\u00e9novations, le 15 octobre 2005, JANUA INFORMATIQUE fut transf\u00e9r\u00e9 dans de tout nouveaux locaux .<\/p>\n<p>Cette extension permet \u00e9galement de d\u00e9marrer le processus de cr\u00e9ation d\u2019emplois avec un premier engagement le 24 octobre 2005.<\/p>\n<p>La gare d&#8217;Esneux devant \u00eatre mise en vente en 2021 il est temps de se recr\u00e9er et ainsi il d\u00e9m\u00e9nage ses activit\u00e9s\u00a0 \u00e0 Comblain-au-Pont sur le site du Moulin du Halleux.<\/p>\n","protected":false},"excerpt":{"rendered":"<p>JANUA Informatique fut cr\u00e9\u00e9 en juin 2000 par Rapha\u00ebl Volders, dipl\u00f4m\u00e9 de la Haute Ecole Rennequin Sualem (informatique industrielle -IN.PR.E.S.). Orient\u00e9 software, il a rapidement converti JANUA INFORMATIQUE en comptoir de vente et de r\u00e9paration de mat\u00e9riel informatique sans toutefois oublier le d\u00e9veloppement de diverses solutions software pour ses clients. D\u00e9but 2005 l\u2019exigu\u00eft\u00e9 de ses &hellip; <\/p>\n<p class=\"link-more\"><a href=\"https:\/\/reparemoi.be\/index.php\/a-propos-de\/\" class=\"more-link\">Continue reading<span class=\"screen-reader-text\"> &#8220;\u00c0 propos de&#8221;<\/span><\/a><\/p>\n","protected":false},"author":1,"featured_media":64,"parent":0,"menu_order":0,"comment_status":"closed","ping_status":"closed","template":"","meta":{"footnotes":""},"class_list":["post-26","page","type-page","status-publish","has-post-thumbnail","hentry"],"_links":{"self":[{"href":"https:\/\/reparemoi.be\/index.php\/wp-json\/wp\/v2\/pages\/26","targetHints":{"allow":["GET"]}}],"collection":[{"href":"https:\/\/reparemoi.be\/index.php\/wp-json\/wp\/v2\/pages"}],"about":[{"href":"https:\/\/reparemoi.be\/index.php\/wp-json\/wp\/v2\/types\/page"}],"author":[{"embeddable":true,"href":"https:\/\/reparemoi.be\/index.php\/wp-json\/wp\/v2\/users\/1"}],"replies":[{"embeddable":true,"href":"https:\/\/reparemoi.be\/index.php\/wp-json\/wp\/v2\/comments?post=26"}],"version-history":[{"count":8,"href":"https:\/\/reparemoi.be\/index.php\/wp-json\/wp\/v2\/pages\/26\/revisions"}],"predecessor-version":[{"id":129,"href":"https:\/\/reparemoi.be\/index.php\/wp-json\/wp\/v2\/pages\/26\/revisions\/129"}],"wp:featuredmedia":[{"embeddable":true,"href":"https:\/\/reparemoi.be\/index.php\/wp-json\/wp\/v2\/media\/64"}],"wp:attachment":[{"href":"https:\/\/reparemoi.be\/index.php\/wp-json\/wp\/v2\/media?parent=26"}],"curies":[{"name":"wp","href":"https:\/\/api.w.org\/{rel}","templated":true}]}}