{"id":27,"date":"2017-04-04T11:31:29","date_gmt":"2017-04-04T09:31:29","guid":{"rendered":"http:\/\/reparemoi.be\/?page_id=27"},"modified":"2021-02-27T15:10:29","modified_gmt":"2021-02-27T14:10:29","slug":"contact","status":"publish","type":"page","link":"https:\/\/reparemoi.be\/index.php\/contact\/","title":{"rendered":"Contact"},"content":{"rendered":"<p style=\"text-align: center;\"><strong>Nous sommes \u00e0 votre disposition <\/strong><\/p>\n<p style=\"text-align: center;\"><strong>du mardi au samedi <\/strong><\/p>\n<h3 style=\"text-align: center;\"><strong>UNIQUEMENT <\/strong><\/h3>\n<h3 style=\"text-align: center;\"><strong>sur rendez-vous<br \/>\n<\/strong><\/h3>\n<p style=\"text-align: center;\"><strong>Pour prendre rendez-vous :\u00a0 <\/strong><\/p>\n<p style=\"text-align: center;\"><strong>0476\/327586 <\/strong><\/p>\n<p style=\"text-align: center;\"><strong>04\/3654292 <\/strong><\/p>\n<p style=\"text-align: center;\"><strong>info@januainformatique.be<br \/>\n<\/strong><\/p>\n<p><span style=\"color: #ffffff;\"><strong>Heures d\u2019ouverture<\/strong><\/span><br \/>\n<span style=\"color: #ffffff;\"> Mardi au vendredi\u00a0: 10h \u00e0 12h30 et 14h30 \u00e0 18h<\/span><br \/>\n<span style=\"color: #ffffff;\"> Mercredi apr\u00e8s-midi et vendredi sur rendez-vous<\/span><\/p>\n<p><span style=\"color: #ffffff;\">Le samedi \u00a0: 10h00\u201312h00<\/span><\/p>\n","protected":false},"excerpt":{"rendered":"<p>Nous sommes \u00e0 votre disposition du mardi au samedi UNIQUEMENT sur rendez-vous Pour prendre rendez-vous :\u00a0 0476\/327586 04\/3654292 info@januainformatique.be Heures d\u2019ouverture Mardi au vendredi\u00a0: 10h \u00e0 12h30 et 14h30 \u00e0 18h Mercredi apr\u00e8s-midi et vendredi sur rendez-vous Le samedi \u00a0: 10h00\u201312h00<\/p>\n","protected":false},"author":1,"featured_media":130,"parent":0,"menu_order":0,"comment_status":"closed","ping_status":"closed","template":"","meta":{"footnotes":""},"class_list":["post-27","page","type-page","status-publish","has-post-thumbnail","hentry"],"_links":{"self":[{"href":"https:\/\/reparemoi.be\/index.php\/wp-json\/wp\/v2\/pages\/27","targetHints":{"allow":["GET"]}}],"collection":[{"href":"https:\/\/reparemoi.be\/index.php\/wp-json\/wp\/v2\/pages"}],"about":[{"href":"https:\/\/reparemoi.be\/index.php\/wp-json\/wp\/v2\/types\/page"}],"author":[{"embeddable":true,"href":"https:\/\/reparemoi.be\/index.php\/wp-json\/wp\/v2\/users\/1"}],"replies":[{"embeddable":true,"href":"https:\/\/reparemoi.be\/index.php\/wp-json\/wp\/v2\/comments?post=27"}],"version-history":[{"count":20,"href":"https:\/\/reparemoi.be\/index.php\/wp-json\/wp\/v2\/pages\/27\/revisions"}],"predecessor-version":[{"id":141,"href":"https:\/\/reparemoi.be\/index.php\/wp-json\/wp\/v2\/pages\/27\/revisions\/141"}],"wp:featuredmedia":[{"embeddable":true,"href":"https:\/\/reparemoi.be\/index.php\/wp-json\/wp\/v2\/media\/130"}],"wp:attachment":[{"href":"https:\/\/reparemoi.be\/index.php\/wp-json\/wp\/v2\/media?parent=27"}],"curies":[{"name":"wp","href":"https:\/\/api.w.org\/{rel}","templated":true}]}}