{"id":85,"date":"2017-04-14T16:19:51","date_gmt":"2017-04-14T14:19:51","guid":{"rendered":"http:\/\/reparemoi.be\/?page_id=85"},"modified":"2017-05-19T13:34:10","modified_gmt":"2017-05-19T11:34:10","slug":"type-de-materiel-propose","status":"publish","type":"page","link":"https:\/\/reparemoi.be\/index.php\/type-de-materiel-propose\/","title":{"rendered":"Type de mat\u00e9riel propos\u00e9"},"content":{"rendered":"<p>Nous proposons bien entendu du mat\u00e9riel neuf , voire fabriqu\u00e9 sur mesure au JAPON; mais d\u00e8s \u00e0 pr\u00e9sent aussi des solutions bas\u00e9es sur du mat\u00e9riel professionnel reconditionn\u00e9.<\/p>\n<p>En effet, quand un ordinateur a un petit coup dans son emballage ou a \u00e9t\u00e9 utilis\u00e9 pour quelques clics en d\u00e9mo dans un salon, le constructeur effectue un test de fonctionnement, puis en emballage brun standard remplace le &#8220;beau carton&#8221; d&#8217;origine. Ces machines sont neuves, garanties, doublement test\u00e9es et surtout moins ch\u00e8res !<\/p>\n<p>Nous travaillons uniquement avec des partenaires \u00e0 haute valeur ajout\u00e9e et aucune machine n&#8217;est de stock chez nous. Les stocks europ\u00e9ens \u00e9tant tr\u00e8s fluctuants et limit\u00e9s, consultez nous pour tous les d\u00e9tails.<\/p>\n<p>Les d\u00e9lais de livraisons pour du mat\u00e9riel en stock chez nos grossistes sont g\u00e9n\u00e9ralement de 24h \u00e0 48h.<\/p>\n<p style=\"text-align: center;\">Consultez-nous \u00e9galement pour la r\u00e9paration de vos \u00e9lectros !<\/p>\n<p><img loading=\"lazy\" decoding=\"async\" class=\"wp-image-111 size-large aligncenter\" src=\"http:\/\/reparemoi.be\/wp-content\/uploads\/2017\/04\/electro-1024x208.jpg\" alt=\"\" width=\"525\" height=\"107\" srcset=\"https:\/\/reparemoi.be\/wp-content\/uploads\/2017\/04\/electro-1024x208.jpg 1024w, https:\/\/reparemoi.be\/wp-content\/uploads\/2017\/04\/electro-300x61.jpg 300w, https:\/\/reparemoi.be\/wp-content\/uploads\/2017\/04\/electro-768x156.jpg 768w, https:\/\/reparemoi.be\/wp-content\/uploads\/2017\/04\/electro.jpg 1378w\" sizes=\"auto, (max-width: 525px) 100vw, 525px\" \/><\/p>\n","protected":false},"excerpt":{"rendered":"<p>Nous proposons bien entendu du mat\u00e9riel neuf , voire fabriqu\u00e9 sur mesure au JAPON; mais d\u00e8s \u00e0 pr\u00e9sent aussi des solutions bas\u00e9es sur du mat\u00e9riel professionnel reconditionn\u00e9. En effet, quand un ordinateur a un petit coup dans son emballage ou a \u00e9t\u00e9 utilis\u00e9 pour quelques clics en d\u00e9mo dans un salon, le constructeur effectue un &hellip; <\/p>\n<p class=\"link-more\"><a href=\"https:\/\/reparemoi.be\/index.php\/type-de-materiel-propose\/\" class=\"more-link\">Continue reading<span class=\"screen-reader-text\"> &#8220;Type de mat\u00e9riel propos\u00e9&#8221;<\/span><\/a><\/p>\n","protected":false},"author":1,"featured_media":0,"parent":0,"menu_order":0,"comment_status":"closed","ping_status":"closed","template":"","meta":{"footnotes":""},"class_list":["post-85","page","type-page","status-publish","hentry"],"_links":{"self":[{"href":"https:\/\/reparemoi.be\/index.php\/wp-json\/wp\/v2\/pages\/85","targetHints":{"allow":["GET"]}}],"collection":[{"href":"https:\/\/reparemoi.be\/index.php\/wp-json\/wp\/v2\/pages"}],"about":[{"href":"https:\/\/reparemoi.be\/index.php\/wp-json\/wp\/v2\/types\/page"}],"author":[{"embeddable":true,"href":"https:\/\/reparemoi.be\/index.php\/wp-json\/wp\/v2\/users\/1"}],"replies":[{"embeddable":true,"href":"https:\/\/reparemoi.be\/index.php\/wp-json\/wp\/v2\/comments?post=85"}],"version-history":[{"count":6,"href":"https:\/\/reparemoi.be\/index.php\/wp-json\/wp\/v2\/pages\/85\/revisions"}],"predecessor-version":[{"id":138,"href":"https:\/\/reparemoi.be\/index.php\/wp-json\/wp\/v2\/pages\/85\/revisions\/138"}],"wp:attachment":[{"href":"https:\/\/reparemoi.be\/index.php\/wp-json\/wp\/v2\/media?parent=85"}],"curies":[{"name":"wp","href":"https:\/\/api.w.org\/{rel}","templated":true}]}}