{"id":89,"date":"2017-04-14T16:24:18","date_gmt":"2017-04-14T14:24:18","guid":{"rendered":"http:\/\/reparemoi.be\/?page_id=89"},"modified":"2017-04-19T17:18:24","modified_gmt":"2017-04-19T15:18:24","slug":"services-a-votre-disposition","status":"publish","type":"page","link":"https:\/\/reparemoi.be\/index.php\/services-a-votre-disposition\/","title":{"rendered":"Services \u00e0 votre disposition"},"content":{"rendered":"<ul>\n<li>Montage et configuration sur mesure<\/li>\n<li>Finition de montage professionnelle<\/li>\n<li>S\u00e9curisation \u00e9lectrique<\/li>\n<li>Syst\u00e8mes de sauvegardes<\/li>\n<li>R\u00e9paration logicielle ET mat\u00e9rielle (soudure, &#8230;)<\/li>\n<li>R\u00e9cup\u00e9ration de donn\u00e9es sur disque dur endommag\u00e9 ou format\u00e9<\/li>\n<li>Mise en place, configuration et gestion de r\u00e9seaux<\/li>\n<li>Explications \/ Formations sur mesure selon les besoins sp\u00e9cifiques<\/li>\n<\/ul>\n","protected":false},"excerpt":{"rendered":"<p>Montage et configuration sur mesure Finition de montage professionnelle S\u00e9curisation \u00e9lectrique Syst\u00e8mes de sauvegardes R\u00e9paration logicielle ET mat\u00e9rielle (soudure, &#8230;) R\u00e9cup\u00e9ration de donn\u00e9es sur disque dur endommag\u00e9 ou format\u00e9 Mise en place, configuration et gestion de r\u00e9seaux Explications \/ Formations sur mesure selon les besoins sp\u00e9cifiques<\/p>\n","protected":false},"author":1,"featured_media":62,"parent":0,"menu_order":0,"comment_status":"closed","ping_status":"closed","template":"","meta":{"footnotes":""},"class_list":["post-89","page","type-page","status-publish","has-post-thumbnail","hentry"],"_links":{"self":[{"href":"https:\/\/reparemoi.be\/index.php\/wp-json\/wp\/v2\/pages\/89","targetHints":{"allow":["GET"]}}],"collection":[{"href":"https:\/\/reparemoi.be\/index.php\/wp-json\/wp\/v2\/pages"}],"about":[{"href":"https:\/\/reparemoi.be\/index.php\/wp-json\/wp\/v2\/types\/page"}],"author":[{"embeddable":true,"href":"https:\/\/reparemoi.be\/index.php\/wp-json\/wp\/v2\/users\/1"}],"replies":[{"embeddable":true,"href":"https:\/\/reparemoi.be\/index.php\/wp-json\/wp\/v2\/comments?post=89"}],"version-history":[{"count":6,"href":"https:\/\/reparemoi.be\/index.php\/wp-json\/wp\/v2\/pages\/89\/revisions"}],"predecessor-version":[{"id":107,"href":"https:\/\/reparemoi.be\/index.php\/wp-json\/wp\/v2\/pages\/89\/revisions\/107"}],"wp:featuredmedia":[{"embeddable":true,"href":"https:\/\/reparemoi.be\/index.php\/wp-json\/wp\/v2\/media\/62"}],"wp:attachment":[{"href":"https:\/\/reparemoi.be\/index.php\/wp-json\/wp\/v2\/media?parent=89"}],"curies":[{"name":"wp","href":"https:\/\/api.w.org\/{rel}","templated":true}]}}